{"id":3359,"date":"2020-08-22T12:30:00","date_gmt":"2020-08-22T10:30:00","guid":{"rendered":"https:\/\/tiarvro-bro-gwened.bzh\/darvoudou\/"},"modified":"2026-02-06T07:17:27","modified_gmt":"2026-02-06T06:17:27","slug":"darvoudou","status":"publish","type":"page","link":"https:\/\/tiarvro-bro-gwened.bzh\/br\/darvoudou\/","title":{"rendered":"Darvoudo\u00f9"},"content":{"rendered":"\t\t<div data-elementor-type=\"wp-page\" data-elementor-id=\"3359\" class=\"elementor elementor-3359 elementor-248\" data-elementor-post-type=\"page\">\n\t\t\t\t\t\t<section class=\"elementor-section elementor-top-section elementor-element elementor-element-138f81e elementor-section-height-min-height elementor-section-content-middle elementor-section-boxed elementor-section-height-default elementor-section-items-middle\" data-id=\"138f81e\" data-element_type=\"section\" data-e-type=\"section\" data-settings=\"{&quot;background_background&quot;:&quot;classic&quot;,&quot;shape_divider_bottom&quot;:&quot;triangle&quot;}\">\n\t\t\t\t\t\t\t<div class=\"elementor-background-overlay\"><\/div>\n\t\t\t\t\t\t<div class=\"elementor-shape elementor-shape-bottom\" aria-hidden=\"true\" data-negative=\"false\">\n\t\t\t<svg xmlns=\"http:\/\/www.w3.org\/2000\/svg\" viewBox=\"0 0 1000 100\" preserveAspectRatio=\"none\">\n\t<path class=\"elementor-shape-fill\" d=\"M500,98.9L0,6.1V0h1000v6.1L500,98.9z\"\/>\n<\/svg>\t\t<\/div>\n\t\t\t\t\t<div class=\"elementor-container elementor-column-gap-default\">\n\t\t\t\t\t<div class=\"elementor-column elementor-col-100 elementor-top-column elementor-element elementor-element-a130c8f\" data-id=\"a130c8f\" data-element_type=\"column\" data-e-type=\"column\">\n\t\t\t<div class=\"elementor-widget-wrap elementor-element-populated\">\n\t\t\t\t\t\t<div class=\"elementor-element elementor-element-d91dca4 elementor-widget elementor-widget-heading\" data-id=\"d91dca4\" data-element_type=\"widget\" data-e-type=\"widget\" data-widget_type=\"heading.default\">\n\t\t\t\t<div class=\"elementor-widget-container\">\n\t\t\t\t\t<h1 class=\"elementor-heading-title elementor-size-default\">Darvoudo\u00f9<\/h1>\t\t\t\t<\/div>\n\t\t\t\t<\/div>\n\t\t\t\t\t<\/div>\n\t\t<\/div>\n\t\t\t\t\t<\/div>\n\t\t<\/section>\n\t\t\t\t<section class=\"elementor-section elementor-top-section elementor-element elementor-element-9cbd4b2 elementor-section-full_width elementor-section-height-default elementor-section-height-default\" data-id=\"9cbd4b2\" data-element_type=\"section\" data-e-type=\"section\">\n\t\t\t\t\t\t<div class=\"elementor-container elementor-column-gap-default\">\n\t\t\t\t\t<div class=\"elementor-column elementor-col-100 elementor-top-column elementor-element elementor-element-37caff1\" data-id=\"37caff1\" data-element_type=\"column\" data-e-type=\"column\">\n\t\t\t<div class=\"elementor-widget-wrap elementor-element-populated\">\n\t\t\t\t\t\t<div class=\"elementor-element elementor-element-e346253 elementor-widget__width-inherit elementor-widget elementor-widget-html\" data-id=\"e346253\" data-element_type=\"widget\" data-e-type=\"widget\" data-widget_type=\"html.default\">\n\t\t\t\t<div class=\"elementor-widget-container\">\n\t\t\t\t\t        <iframe id=\"myIframe\" style=\"width: 100%;\"  \r\n          data-oa-portal=\"https:\/\/agenda.tiarvro-bro-gwened.bzh\/\"\r\n          data-scroll-offset=\"20\"\r\n          allowtransparency=\"allowtransparency\"\r\n          frameborder=\"0\"\r\n        ><\/iframe>\r\n        <script type=\"text\/javascript\" src=\"https:\/\/agenda.tiarvro-bro-gwened.bzh\/js\/oaPortalController.js\"><\/script>\r\n        \r\n    <script>\r\n\r\n    \/\/ Selecting the iframe element\r\n\r\n    var iframe = document.getElementById(\"myIframe\");\r\n\r\n    \r\n\r\n    \/\/ Adjusting the iframe height onload event\r\n\r\n    iframe.onload = function(){\r\n\r\n        iframe.style.height = iframe.contentWindow.document.body.scrollHeight + 'px';\r\n\r\n    }\r\n\r\n    <\/script>\t\t\t\t<\/div>\n\t\t\t\t<\/div>\n\t\t\t\t\t<\/div>\n\t\t<\/div>\n\t\t\t\t\t<\/div>\n\t\t<\/section>\n\t\t\t\t<\/div>\n\t\t","protected":false},"excerpt":{"rendered":"<p>Darvoudo\u00f9<\/p>\n","protected":false},"author":1,"featured_media":0,"parent":0,"menu_order":0,"comment_status":"closed","ping_status":"closed","template":"","meta":{"_acf_changed":false,"footnotes":""},"class_list":["post-3359","page","type-page","status-publish","hentry"],"acf":[],"yoast_head":"<!-- This site is optimized with the Yoast SEO plugin v26.9 - https:\/\/yoast.com\/product\/yoast-seo-wordpress\/ -->\n<title>Darvoudo\u00f9 - Ti ar Vro Bro Gwened<\/title>\n<meta name=\"description\" content=\"Aoza\u00f1 a ra Ti ar vro Bro Gwened darvoudo\u00f9 evit lakaat sevenadur Breizh da veva\u00f1 e-hed ar bloaz e korn-bro Gwened. Dizoloit ivez an darvoudo\u00f9 aozet gant ar c&#039;hevredigezhio\u00f9 ezel eus Ti ar Vro.\" \/>\n<meta name=\"robots\" content=\"index, follow, max-snippet:-1, max-image-preview:large, max-video-preview:-1\" \/>\n<link rel=\"canonical\" href=\"https:\/\/tiarvro-bro-gwened.bzh\/br\/darvoudou\/\" \/>\n<meta property=\"og:locale\" content=\"en_US\" \/>\n<meta property=\"og:type\" content=\"article\" \/>\n<meta property=\"og:title\" content=\"Darvoudo\u00f9 - Ti ar Vro Bro Gwened\" \/>\n<meta property=\"og:description\" content=\"Aoza\u00f1 a ra Ti ar vro Bro Gwened darvoudo\u00f9 evit lakaat sevenadur Breizh da veva\u00f1 e-hed ar bloaz e korn-bro Gwened. Dizoloit ivez an darvoudo\u00f9 aozet gant ar c&#039;hevredigezhio\u00f9 ezel eus Ti ar Vro.\" \/>\n<meta property=\"og:url\" content=\"https:\/\/tiarvro-bro-gwened.bzh\/br\/darvoudou\/\" \/>\n<meta property=\"og:site_name\" content=\"Ti ar Vro Bro Gwened\" \/>\n<meta property=\"article:modified_time\" content=\"2026-02-06T06:17:27+00:00\" \/>\n<meta name=\"twitter:card\" content=\"summary_large_image\" \/>\n<meta name=\"twitter:label1\" content=\"Est. reading time\" \/>\n\t<meta name=\"twitter:data1\" content=\"1 minute\" \/>\n<script type=\"application\/ld+json\" class=\"yoast-schema-graph\">{\"@context\":\"https:\/\/schema.org\",\"@graph\":[{\"@type\":\"WebPage\",\"@id\":\"https:\/\/tiarvro-bro-gwened.bzh\/br\/darvoudou\/\",\"url\":\"https:\/\/tiarvro-bro-gwened.bzh\/br\/darvoudou\/\",\"name\":\"Darvoudo\u00f9 - Ti ar Vro Bro Gwened\",\"isPartOf\":{\"@id\":\"https:\/\/tiarvro-bro-gwened.bzh\/br\/#website\"},\"datePublished\":\"2020-08-22T10:30:00+00:00\",\"dateModified\":\"2026-02-06T06:17:27+00:00\",\"description\":\"Aoza\u00f1 a ra Ti ar vro Bro Gwened darvoudo\u00f9 evit lakaat sevenadur Breizh da veva\u00f1 e-hed ar bloaz e korn-bro Gwened. Dizoloit ivez an darvoudo\u00f9 aozet gant ar c'hevredigezhio\u00f9 ezel eus Ti ar Vro.\",\"breadcrumb\":{\"@id\":\"https:\/\/tiarvro-bro-gwened.bzh\/br\/darvoudou\/#breadcrumb\"},\"inLanguage\":\"br-\",\"potentialAction\":[{\"@type\":\"ReadAction\",\"target\":[\"https:\/\/tiarvro-bro-gwened.bzh\/br\/darvoudou\/\"]}]},{\"@type\":\"BreadcrumbList\",\"@id\":\"https:\/\/tiarvro-bro-gwened.bzh\/br\/darvoudou\/#breadcrumb\",\"itemListElement\":[{\"@type\":\"ListItem\",\"position\":1,\"name\":\"Degemer\",\"item\":\"https:\/\/tiarvro-bro-gwened.bzh\/br\/\"},{\"@type\":\"ListItem\",\"position\":2,\"name\":\"Darvoudo\u00f9\"}]},{\"@type\":\"WebSite\",\"@id\":\"https:\/\/tiarvro-bro-gwened.bzh\/br\/#website\",\"url\":\"https:\/\/tiarvro-bro-gwened.bzh\/br\/\",\"name\":\"Ti ar Vro Bro Gwened\",\"description\":\"Entente du Pays de Vannes\",\"publisher\":{\"@id\":\"https:\/\/tiarvro-bro-gwened.bzh\/br\/#organization\"},\"potentialAction\":[{\"@type\":\"SearchAction\",\"target\":{\"@type\":\"EntryPoint\",\"urlTemplate\":\"https:\/\/tiarvro-bro-gwened.bzh\/br\/?s={search_term_string}\"},\"query-input\":{\"@type\":\"PropertyValueSpecification\",\"valueRequired\":true,\"valueName\":\"search_term_string\"}}],\"inLanguage\":\"br-\"},{\"@type\":\"Organization\",\"@id\":\"https:\/\/tiarvro-bro-gwened.bzh\/br\/#organization\",\"name\":\"Ti ar Vro Bro Gwened\",\"url\":\"https:\/\/tiarvro-bro-gwened.bzh\/br\/\",\"logo\":{\"@type\":\"ImageObject\",\"inLanguage\":\"br-\",\"@id\":\"https:\/\/tiarvro-bro-gwened.bzh\/br\/#\/schema\/logo\/image\/\",\"url\":\"https:\/\/tiarvro-bro-gwened.bzh\/wp-content\/uploads\/2020\/04\/cropped-LOGO-COULEUR-0200.png\",\"contentUrl\":\"https:\/\/tiarvro-bro-gwened.bzh\/wp-content\/uploads\/2020\/04\/cropped-LOGO-COULEUR-0200.png\",\"width\":199,\"height\":99,\"caption\":\"Ti ar Vro Bro Gwened\"},\"image\":{\"@id\":\"https:\/\/tiarvro-bro-gwened.bzh\/br\/#\/schema\/logo\/image\/\"}}]}<\/script>\n<!-- \/ Yoast SEO plugin. -->","yoast_head_json":{"title":"Darvoudo\u00f9 - Ti ar Vro Bro Gwened","description":"Aoza\u00f1 a ra Ti ar vro Bro Gwened darvoudo\u00f9 evit lakaat sevenadur Breizh da veva\u00f1 e-hed ar bloaz e korn-bro Gwened. Dizoloit ivez an darvoudo\u00f9 aozet gant ar c'hevredigezhio\u00f9 ezel eus Ti ar Vro.","robots":{"index":"index","follow":"follow","max-snippet":"max-snippet:-1","max-image-preview":"max-image-preview:large","max-video-preview":"max-video-preview:-1"},"canonical":"https:\/\/tiarvro-bro-gwened.bzh\/br\/darvoudou\/","og_locale":"en_US","og_type":"article","og_title":"Darvoudo\u00f9 - Ti ar Vro Bro Gwened","og_description":"Aoza\u00f1 a ra Ti ar vro Bro Gwened darvoudo\u00f9 evit lakaat sevenadur Breizh da veva\u00f1 e-hed ar bloaz e korn-bro Gwened. Dizoloit ivez an darvoudo\u00f9 aozet gant ar c'hevredigezhio\u00f9 ezel eus Ti ar Vro.","og_url":"https:\/\/tiarvro-bro-gwened.bzh\/br\/darvoudou\/","og_site_name":"Ti ar Vro Bro Gwened","article_modified_time":"2026-02-06T06:17:27+00:00","twitter_card":"summary_large_image","twitter_misc":{"Est. reading time":"1 minute"},"schema":{"@context":"https:\/\/schema.org","@graph":[{"@type":"WebPage","@id":"https:\/\/tiarvro-bro-gwened.bzh\/br\/darvoudou\/","url":"https:\/\/tiarvro-bro-gwened.bzh\/br\/darvoudou\/","name":"Darvoudo\u00f9 - Ti ar Vro Bro Gwened","isPartOf":{"@id":"https:\/\/tiarvro-bro-gwened.bzh\/br\/#website"},"datePublished":"2020-08-22T10:30:00+00:00","dateModified":"2026-02-06T06:17:27+00:00","description":"Aoza\u00f1 a ra Ti ar vro Bro Gwened darvoudo\u00f9 evit lakaat sevenadur Breizh da veva\u00f1 e-hed ar bloaz e korn-bro Gwened. Dizoloit ivez an darvoudo\u00f9 aozet gant ar c'hevredigezhio\u00f9 ezel eus Ti ar Vro.","breadcrumb":{"@id":"https:\/\/tiarvro-bro-gwened.bzh\/br\/darvoudou\/#breadcrumb"},"inLanguage":"br-","potentialAction":[{"@type":"ReadAction","target":["https:\/\/tiarvro-bro-gwened.bzh\/br\/darvoudou\/"]}]},{"@type":"BreadcrumbList","@id":"https:\/\/tiarvro-bro-gwened.bzh\/br\/darvoudou\/#breadcrumb","itemListElement":[{"@type":"ListItem","position":1,"name":"Degemer","item":"https:\/\/tiarvro-bro-gwened.bzh\/br\/"},{"@type":"ListItem","position":2,"name":"Darvoudo\u00f9"}]},{"@type":"WebSite","@id":"https:\/\/tiarvro-bro-gwened.bzh\/br\/#website","url":"https:\/\/tiarvro-bro-gwened.bzh\/br\/","name":"Ti ar Vro Bro Gwened","description":"Entente du Pays de Vannes","publisher":{"@id":"https:\/\/tiarvro-bro-gwened.bzh\/br\/#organization"},"potentialAction":[{"@type":"SearchAction","target":{"@type":"EntryPoint","urlTemplate":"https:\/\/tiarvro-bro-gwened.bzh\/br\/?s={search_term_string}"},"query-input":{"@type":"PropertyValueSpecification","valueRequired":true,"valueName":"search_term_string"}}],"inLanguage":"br-"},{"@type":"Organization","@id":"https:\/\/tiarvro-bro-gwened.bzh\/br\/#organization","name":"Ti ar Vro Bro Gwened","url":"https:\/\/tiarvro-bro-gwened.bzh\/br\/","logo":{"@type":"ImageObject","inLanguage":"br-","@id":"https:\/\/tiarvro-bro-gwened.bzh\/br\/#\/schema\/logo\/image\/","url":"https:\/\/tiarvro-bro-gwened.bzh\/wp-content\/uploads\/2020\/04\/cropped-LOGO-COULEUR-0200.png","contentUrl":"https:\/\/tiarvro-bro-gwened.bzh\/wp-content\/uploads\/2020\/04\/cropped-LOGO-COULEUR-0200.png","width":199,"height":99,"caption":"Ti ar Vro Bro Gwened"},"image":{"@id":"https:\/\/tiarvro-bro-gwened.bzh\/br\/#\/schema\/logo\/image\/"}}]}},"_links":{"self":[{"href":"https:\/\/tiarvro-bro-gwened.bzh\/br\/wp-json\/wp\/v2\/pages\/3359","targetHints":{"allow":["GET"]}}],"collection":[{"href":"https:\/\/tiarvro-bro-gwened.bzh\/br\/wp-json\/wp\/v2\/pages"}],"about":[{"href":"https:\/\/tiarvro-bro-gwened.bzh\/br\/wp-json\/wp\/v2\/types\/page"}],"author":[{"embeddable":true,"href":"https:\/\/tiarvro-bro-gwened.bzh\/br\/wp-json\/wp\/v2\/users\/1"}],"replies":[{"embeddable":true,"href":"https:\/\/tiarvro-bro-gwened.bzh\/br\/wp-json\/wp\/v2\/comments?post=3359"}],"version-history":[{"count":8,"href":"https:\/\/tiarvro-bro-gwened.bzh\/br\/wp-json\/wp\/v2\/pages\/3359\/revisions"}],"predecessor-version":[{"id":5120,"href":"https:\/\/tiarvro-bro-gwened.bzh\/br\/wp-json\/wp\/v2\/pages\/3359\/revisions\/5120"}],"wp:attachment":[{"href":"https:\/\/tiarvro-bro-gwened.bzh\/br\/wp-json\/wp\/v2\/media?parent=3359"}],"curies":[{"name":"wp","href":"https:\/\/api.w.org\/{rel}","templated":true}]}}